{"id":4636,"date":"2022-09-13T00:16:45","date_gmt":"2022-09-12T22:16:45","guid":{"rendered":"https:\/\/webouwen.com\/?page_id=4636"},"modified":"2025-10-13T09:27:21","modified_gmt":"2025-10-13T07:27:21","slug":"adatvedelmi-nyilatkozat","status":"publish","type":"page","link":"https:\/\/webouwen.com\/hu\/adatvedelmi-nyilatkozat\/","title":{"rendered":"Adatv\u00e9delmi nyilatkozat"},"content":{"rendered":"\n<p>Ez a We Bouwen B.V. adatv\u00e9delmi nyilatkozata. A We Bouwen B.V. egy k\u00f6zvet\u00edt\u0151 szervezet, amely t\u00f6bb \u00e1gazatban tev\u00e9kenykedik.<br>Annak \u00e9rdek\u00e9ben, hogy szolg\u00e1ltat\u00e1sainkat hat\u00e9konyan \u00e9s eredm\u00e9nyesen tudjuk ny\u00fajtani, a We Bouwen B.V. szem\u00e9lyes adatokat kezel.<br>A We Bouwen B.V. nagy jelent\u0151s\u00e9get tulajdon\u00edt a szem\u00e9lyes adatok gondos kezel\u00e9s\u00e9nek, ez\u00e9rt az \u00d6n adatait k\u00f6r\u00fcltekint\u0151en dolgozzuk fel \u00e9s biztons\u00e1gosan t\u00e1roljuk.<br>Biztos lehet benne, hogy az \u00d6n adatai a We Bouwen B.V.-n\u00e9l biztons\u00e1gban vannak, \u00e9s hogy betartjuk a vonatkoz\u00f3 jogszab\u00e1lyokat.<\/p>\n\n\n\n<p><strong>Mi\u00e9rt van a We Bouwen B.V.-nek adatv\u00e9delmi nyilatkozata?<\/strong><\/p>\n\n\n\n<p>Ebben az adatv\u00e9delmi nyilatkozatban \u00f6sszefoglaltuk, hogyan kezelj\u00fck az \u00d6n szem\u00e9lyes adatait.<br>Itt megtal\u00e1lja, milyen szem\u00e9lyes adatokat dolgozunk fel, milyen c\u00e9lokra, kik f\u00e9rhetnek hozz\u00e1, hogyan t\u00e1roljuk azokat, kinek tov\u00e1bb\u00edtjuk, valamint milyen jogai \u00e9s lehet\u0151s\u00e9gei vannak az adatai kezel\u00e9s\u00e9vel kapcsolatban.<br>Az \u00d6n \u00e9rdeke sz\u00e1munkra els\u0151dleges!<\/p>\n\n\n\n<p><strong>Mik azok a szem\u00e9lyes adatok?<\/strong><\/p>\n\n\n\n<p>A szem\u00e9lyes adatok minden olyan inform\u00e1ci\u00f3t jelentenek, amely alapj\u00e1n egy term\u00e9szetes szem\u00e9ly \u2013 teh\u00e1t \u00d6n \u2013 azonos\u00edthat\u00f3.<br>Ide tartozik p\u00e9ld\u00e1ul az \u00d6n neve, c\u00edme, sz\u00fclet\u00e9si d\u00e1tuma, telefonsz\u00e1ma, e-mail-c\u00edme, illetve biometrikus adatai.<br>Ezeket az adatokat akkor kapjuk meg \u00d6nt\u0151l, amikor p\u00e9ld\u00e1ul kit\u00f6lt egy \u0171rlapot, levelet vagy e-mailt k\u00fcld, vagy telefonon kapcsolatba l\u00e9p vel\u00fcnk. Amikor \u00d6n a We Bouwen B.V. weboldal\u00e1t l\u00e1togatja, bizonyos esetekben szint\u00e9n megad szem\u00e9lyes adatokat, p\u00e9ld\u00e1ul IP-c\u00edm vagy cookie form\u00e1j\u00e1ban. Amint szem\u00e9lyes adatait \u00d6n vagy egy harmadik f\u00e9l megosztja a We Bouwen B.V.-vel, mi azokat feldolgozzuk.<br>A \u201efeldolgoz\u00e1s\u201d fogalma t\u00e1g, \u00e9s mag\u00e1ban foglalja p\u00e9ld\u00e1ul: az adatok gy\u0171jt\u00e9s\u00e9t, t\u00e1rol\u00e1s\u00e1t, megtekint\u00e9s\u00e9t, t\u00f6rl\u00e9s\u00e9t, felhaszn\u00e1l\u00e1s\u00e1t vagy harmadik feleknek t\u00f6rt\u00e9n\u0151 tov\u00e1bb\u00edt\u00e1s\u00e1t. Az adatok t\u00f6rl\u00e9se vagy megsemmis\u00edt\u00e9se szint\u00e9n az adatfeldolgoz\u00e1s k\u00f6r\u00e9be tartozik.<\/p>\n\n\n\n<p><strong>Mire vonatkozik ez az adatv\u00e9delmi nyilatkozat?<\/strong><\/p>\n\n\n\n<p>Ez az adatv\u00e9delmi nyilatkozat minden olyan <strong>szem\u00e9lyes adatra vonatkozik<\/strong>, amelyet a <strong>We Bouwen B.V.<\/strong> szolg\u00e1ltat\u00e1sai keret\u00e9ben, teljesen vagy r\u00e9szben <strong>automatiz\u00e1lt m\u00f3don<\/strong> kezel.<\/p>\n\n\n\n<p><strong>Kikt\u0151l kezel szem\u00e9lyes adatokat a We Bouwen B.V.?<\/strong><\/p>\n\n\n\n<p>A We Bouwen B.V. szem\u00e9lyes adatokat kezel minden olyan szem\u00e9lyt\u0151l, akivel kapcsolatba l\u00e9p\u00fcnk, illetve akik megl\u00e1togatj\u00e1k weboldalunkat.<br>Ide tartoznak p\u00e9ld\u00e1ul a (leend\u0151) munkav\u00e1llal\u00f3k, kik\u00f6zvet\u00edtett dolgoz\u00f3k, \u00fcgyfelek, valamint \u00fczleti partnereink kapcsolattart\u00f3i, besz\u00e1ll\u00edt\u00f3i \u00e9s megb\u00edz\u00f3ink. Fontos: ha \u00d6n mint v\u00e1llalat vagy szervezet munkav\u00e1llal\u00f3i szem\u00e9lyes adatait adja \u00e1t nek\u00fcnk, jogszab\u00e1ly \u00edrja el\u0151, hogy t\u00e1j\u00e9koztatnia kell munkav\u00e1llal\u00f3it err\u0151l.<br>Ehhez ezt az adatv\u00e9delmi nyilatkozatot felhaszn\u00e1lhatja, hogy munkat\u00e1rsai pontosan megismerj\u00e9k, hogyan kezeli a We Bouwen B.V. az \u0151 adataikat.<\/p>\n\n\n\n<h3 class=\"wp-block-heading\">A szem\u00e9lyes adatok kezel\u00e9s\u00e9nek c\u00e9ljai<\/h3>\n\n\n\n<p>A We Bouwen B.V. az \u00d6n szem\u00e9lyes adatait hat\u00e9kony \u00e9s eredm\u00e9nyes \u00fczletmenet biztos\u00edt\u00e1sa \u00e9rdek\u00e9ben kezeli, k\u00fcl\u00f6n\u00f6sen az al\u00e1bbi tev\u00e9kenys\u00e9gek keret\u00e9ben: \u00c1ltal\u00e1noss\u00e1gban szem\u00e9lyes adatokat csak annyiban gy\u0171jt\u00fcnk \u00e9s kezel\u00fcnk, amennyiben az sz\u00fcks\u00e9ges k\u00f6zvet\u00edt\u0151i tev\u00e9kenys\u00e9g\u00fcnk ell\u00e1t\u00e1s\u00e1hoz \u2013 p\u00e9ld\u00e1ul k\u00f6zvet\u00edt\u00e9s, munkaer\u0151-k\u00f6lcs\u00f6nz\u00e9s, egy\u00e9ni v\u00e1llalkoz\u00f3k (ZZP) k\u00f6zvet\u00edt\u00e9se, toborz\u00e1s \u00e9s kiv\u00e1laszt\u00e1s, szem\u00e9lyes fejl\u0151d\u00e9s, foglalkoztathat\u00f3s\u00e1g \u00e9s hum\u00e1ner\u0151forr\u00e1s-menedzsment c\u00e9lj\u00e1b\u00f3l. Kifejezetten az\u00e9rt k\u00e9rj\u00fck \u00d6nt, hogy ossza meg vel\u00fcnk szem\u00e9lyes adatait, hogy azokat az al\u00e1bbi c\u00e9lokra haszn\u00e1lhassuk:<\/p>\n\n\n\n<p>\u25aa Munkav\u00e1llal\u00f3i vagy k\u00f6zvet\u00edt\u0151i kapcsolat l\u00e9trehoz\u00e1sa \u00e9s fenntart\u00e1sa, valamint p\u00e9nz\u00fcgyi, munkaid\u0151- \u00e9s t\u00e1voll\u00e9ti nyilv\u00e1ntart\u00e1s vezet\u00e9se c\u00e9lj\u00e1b\u00f3l.<br>\u25aa \u00dczleti kapcsolatok kialak\u00edt\u00e1sa \u00e9s fenntart\u00e1sa megrendel\u00e9sek megszerz\u00e9se vagy teljes\u00edt\u00e9se \u00e9rdek\u00e9ben, valamint a kapcsol\u00f3d\u00f3 p\u00e9nz\u00fcgyi adminisztr\u00e1ci\u00f3 vezet\u00e9se c\u00e9lj\u00e1b\u00f3l.<br>\u25aa Alkalmass\u00e1g\u00e1nak felm\u00e9r\u00e9se egy adott poz\u00edci\u00f3ra vagy megb\u00edz\u00e1sra, el\u00e9rhet\u0151s\u00e9g\u00e9nek r\u00f6gz\u00edt\u00e9se, \u00e9s kapcsolatfelv\u00e9tel vagy bemutat\u00e1s egy vagy t\u00f6bb (leend\u0151) megb\u00edz\u00f3nak.<br>\u25aa Munkaer\u0151-k\u00f6zvet\u00edt\u00e9s, karrier- vagy p\u00e1lyatan\u00e1csad\u00e1s, valamint egy\u00e9b, munk\u00e1val kapcsolatos szolg\u00e1ltat\u00e1sok (pl. k\u00e9pz\u00e9sek, megb\u00edz\u00e1sok szervez\u00e9se, munkav\u00e9gz\u00e9s biztos\u00edt\u00e1sa megb\u00edz\u00f3kn\u00e1l).<br>\u25aa Szerz\u0151d\u00e9sek megk\u00f6t\u00e9se, teljes\u00edt\u00e9se \u00e9s betart\u00e1sa \u00d6nnel, \u00fcgyfeleinkkel \u00e9s \u00fczleti partnereinkkel.<br>\u25aa T\u00e1j\u00e9koztat\u00e1s ny\u00fajt\u00e1sa szolg\u00e1ltat\u00e1sainkr\u00f3l \u00e9s tev\u00e9kenys\u00e9geinkr\u0151l, hogy azok jobban megfeleljenek az \u00d6n ig\u00e9nyeinek \u00e9s k\u00e9pess\u00e9geinek (pl. \u00e1ll\u00e1s\u00e9rtes\u00edt\u00e9sek k\u00fcld\u00e9se).<br>\u25aa Vezet\u00e9si \u00e9s elemz\u00e9si c\u00e9lokb\u00f3l: menedzsmentinform\u00e1ci\u00f3k \u00e9s jelent\u00e9sek k\u00e9sz\u00edt\u00e9se, piackutat\u00e1s, bels\u0151 \u00e9s k\u00fcls\u0151 ellen\u0151rz\u00e9sek, auditok, k\u00f6nyvvizsg\u00e1latok, valamint a min\u0151s\u00e9g \u00e9s v\u00e1llalati biztons\u00e1g fenntart\u00e1sa \u00e9rdek\u00e9ben.<br>\u25aa Szem\u00e9lyes fi\u00f3k biztos\u00edt\u00e1sa, valamint hozz\u00e1f\u00e9r\u00e9s a z\u00e1rt webport\u00e1lhoz.<br>\u25aa Jogi k\u00f6telezetts\u00e9gek teljes\u00edt\u00e9se, illetve t\u00e1mogat\u00e1sok vagy ad\u00f3kedvezm\u00e9nyek ig\u00e9nyl\u00e9se \u00e9rdek\u00e9ben \u2013 p\u00e9ld\u00e1ul azonos\u00edt\u00e1s, ad\u00f3- \u00e9s t\u00e1rsadalombiztos\u00edt\u00e1si befizet\u00e9sek kezel\u00e9se c\u00e9lj\u00e1b\u00f3l.<br>\u25aa Reintegr\u00e1ci\u00f3s k\u00f6telezetts\u00e9gek teljes\u00edt\u00e9se \u00e9s az \u00e1llami programok t\u00e1mogat\u00e1sa, amelyek c\u00e9lja a munkaer\u0151piacr\u00f3l kiszorult szem\u00e9lyek elhelyezked\u00e9s\u00e9nek el\u0151seg\u00edt\u00e9se.<br>\u25aa Szem\u00e9lyre szabott \u00fczenetek \u00e9s aj\u00e1nlatok k\u00fcld\u00e9se, amelyek az \u00d6n \u00e9rdekl\u0151d\u00e9s\u00e9n alapulnak \u2013 az \u00d6n \u00e1ltal megadott adatok \u00e9s a cookie-k vagy hasonl\u00f3 technol\u00f3gi\u00e1k seg\u00edts\u00e9g\u00e9vel gy\u0171jt\u00f6tt inform\u00e1ci\u00f3k alapj\u00e1n.<br>\u25aa Szolg\u00e1ltat\u00e1saink \u00e9s term\u00e9keink fejleszt\u00e9se (bele\u00e9rtve a weboldalt \u00e9s a z\u00e1rt port\u00e1lt), valamint a technikai probl\u00e9m\u00e1k megold\u00e1sa a haszn\u00e1lat sor\u00e1n.<\/p>\n\n\n\n<p>Szem\u00e9lyes adatait kiz\u00e1r\u00f3lag a fent eml\u00edtett c\u00e9lokra kezelj\u00fck. Amennyiben az adatokat m\u00e1s, de szorosan kapcsol\u00f3d\u00f3 c\u00e9lokra k\u00edv\u00e1njuk felhaszn\u00e1lni, err\u0151l a jogszab\u00e1lyoknak megfelel\u0151en el\u0151zetesen t\u00e1j\u00e9koztatjuk, \u00e9s megtesz\u00fcnk minden sz\u00fcks\u00e9ges int\u00e9zked\u00e9st.<\/p>\n","protected":false},"excerpt":{"rendered":"<p>Ez a We Bouwen B.V. adatv\u00e9delmi nyilatkozata. A We Bouwen B.V. egy k\u00f6zvet\u00edt\u0151 szervezet, amely t\u00f6bb \u00e1gazatban tev\u00e9kenykedik.Annak \u00e9rdek\u00e9ben, hogy szolg\u00e1ltat\u00e1sainkat hat\u00e9konyan \u00e9s eredm\u00e9nyesen tudjuk ny\u00fajtani, a We Bouwen B.V. [&hellip;]<\/p>\n","protected":false},"author":4,"featured_media":0,"parent":0,"menu_order":5,"comment_status":"closed","ping_status":"closed","template":"","meta":{"_acf_changed":false,"_coblocks_attr":"","_coblocks_dimensions":"","_coblocks_responsive_height":"","_coblocks_accordion_ie_support":"","inline_featured_image":false,"footnotes":""},"class_list":["post-4636","page","type-page","status-publish","hentry"],"acf":[],"yoast_head":"<!-- This site is optimized with the Yoast SEO plugin v27.4 - https:\/\/yoast.com\/product\/yoast-seo-wordpress\/ -->\n<title>Adatv\u00e9delmi nyilatkozat - WE Bouwen<\/title>\n<meta name=\"robots\" content=\"noindex, nofollow\" \/>\n<meta property=\"og:locale\" content=\"hu_HU\" \/>\n<meta property=\"og:type\" content=\"article\" \/>\n<meta property=\"og:title\" content=\"Adatv\u00e9delmi nyilatkozat - WE Bouwen\" \/>\n<meta property=\"og:description\" content=\"Ez a We Bouwen B.V. adatv\u00e9delmi nyilatkozata. A We Bouwen B.V. egy k\u00f6zvet\u00edt\u0151 szervezet, amely t\u00f6bb \u00e1gazatban tev\u00e9kenykedik.Annak \u00e9rdek\u00e9ben, hogy szolg\u00e1ltat\u00e1sainkat hat\u00e9konyan \u00e9s eredm\u00e9nyesen tudjuk ny\u00fajtani, a We Bouwen B.V. [&hellip;]\" \/>\n<meta property=\"og:url\" content=\"https:\/\/webouwen.com\/hu\/adatvedelmi-nyilatkozat\/\" \/>\n<meta property=\"og:site_name\" content=\"WE Bouwen\" \/>\n<meta property=\"article:publisher\" content=\"https:\/\/www.facebook.com\/webouwensamenmetjou\" \/>\n<meta property=\"article:modified_time\" content=\"2025-10-13T07:27:21+00:00\" \/>\n<meta name=\"twitter:card\" content=\"summary_large_image\" \/>\n<meta name=\"twitter:label1\" content=\"Becs\u00fclt olvas\u00e1si id\u0151\" \/>\n\t<meta name=\"twitter:data1\" content=\"3 perc\" \/>\n<script type=\"application\/ld+json\" class=\"yoast-schema-graph\">{\"@context\":\"https:\\\/\\\/schema.org\",\"@graph\":[{\"@type\":\"WebPage\",\"@id\":\"https:\\\/\\\/webouwen.com\\\/hu\\\/adatvedelmi-nyilatkozat\\\/\",\"url\":\"https:\\\/\\\/webouwen.com\\\/hu\\\/adatvedelmi-nyilatkozat\\\/\",\"name\":\"Adatv\u00e9delmi nyilatkozat - WE Bouwen\",\"isPartOf\":{\"@id\":\"https:\\\/\\\/webouwen.com\\\/#website\"},\"datePublished\":\"2022-09-12T22:16:45+00:00\",\"dateModified\":\"2025-10-13T07:27:21+00:00\",\"breadcrumb\":{\"@id\":\"https:\\\/\\\/webouwen.com\\\/hu\\\/adatvedelmi-nyilatkozat\\\/#breadcrumb\"},\"inLanguage\":\"hu\",\"potentialAction\":[{\"@type\":\"ReadAction\",\"target\":[\"https:\\\/\\\/webouwen.com\\\/hu\\\/adatvedelmi-nyilatkozat\\\/\"]}]},{\"@type\":\"BreadcrumbList\",\"@id\":\"https:\\\/\\\/webouwen.com\\\/hu\\\/adatvedelmi-nyilatkozat\\\/#breadcrumb\",\"itemListElement\":[{\"@type\":\"ListItem\",\"position\":1,\"name\":\"Home\",\"item\":\"https:\\\/\\\/webouwen.com\\\/hu\\\/\"},{\"@type\":\"ListItem\",\"position\":2,\"name\":\"Adatv\u00e9delmi nyilatkozat\"}]},{\"@type\":\"WebSite\",\"@id\":\"https:\\\/\\\/webouwen.com\\\/#website\",\"url\":\"https:\\\/\\\/webouwen.com\\\/\",\"name\":\"WE Bouwen\",\"description\":\"Samen met jou\",\"publisher\":{\"@id\":\"https:\\\/\\\/webouwen.com\\\/#organization\"},\"potentialAction\":[{\"@type\":\"SearchAction\",\"target\":{\"@type\":\"EntryPoint\",\"urlTemplate\":\"https:\\\/\\\/webouwen.com\\\/?s={search_term_string}\"},\"query-input\":{\"@type\":\"PropertyValueSpecification\",\"valueRequired\":true,\"valueName\":\"search_term_string\"}}],\"inLanguage\":\"hu\"},{\"@type\":\"Organization\",\"@id\":\"https:\\\/\\\/webouwen.com\\\/#organization\",\"name\":\"WE Bouwen\",\"url\":\"https:\\\/\\\/webouwen.com\\\/\",\"logo\":{\"@type\":\"ImageObject\",\"inLanguage\":\"hu\",\"@id\":\"https:\\\/\\\/webouwen.com\\\/#\\\/schema\\\/logo\\\/image\\\/\",\"url\":\"https:\\\/\\\/webouwen.com\\\/wp-content\\\/uploads\\\/2022\\\/09\\\/logo-we-bouwen.png\",\"contentUrl\":\"https:\\\/\\\/webouwen.com\\\/wp-content\\\/uploads\\\/2022\\\/09\\\/logo-we-bouwen.png\",\"width\":1000,\"height\":376,\"caption\":\"WE Bouwen\"},\"image\":{\"@id\":\"https:\\\/\\\/webouwen.com\\\/#\\\/schema\\\/logo\\\/image\\\/\"},\"sameAs\":[\"https:\\\/\\\/www.facebook.com\\\/webouwensamenmetjou\",\"https:\\\/\\\/www.linkedin.com\\\/company\\\/we-bouwen\\\/\"]}]}<\/script>\n<!-- \/ Yoast SEO plugin. -->","yoast_head_json":{"title":"Adatv\u00e9delmi nyilatkozat - WE Bouwen","robots":{"index":"noindex","follow":"nofollow"},"og_locale":"hu_HU","og_type":"article","og_title":"Adatv\u00e9delmi nyilatkozat - WE Bouwen","og_description":"Ez a We Bouwen B.V. adatv\u00e9delmi nyilatkozata. A We Bouwen B.V. egy k\u00f6zvet\u00edt\u0151 szervezet, amely t\u00f6bb \u00e1gazatban tev\u00e9kenykedik.Annak \u00e9rdek\u00e9ben, hogy szolg\u00e1ltat\u00e1sainkat hat\u00e9konyan \u00e9s eredm\u00e9nyesen tudjuk ny\u00fajtani, a We Bouwen B.V. [&hellip;]","og_url":"https:\/\/webouwen.com\/hu\/adatvedelmi-nyilatkozat\/","og_site_name":"WE Bouwen","article_publisher":"https:\/\/www.facebook.com\/webouwensamenmetjou","article_modified_time":"2025-10-13T07:27:21+00:00","twitter_card":"summary_large_image","twitter_misc":{"Becs\u00fclt olvas\u00e1si id\u0151":"3 perc"},"schema":{"@context":"https:\/\/schema.org","@graph":[{"@type":"WebPage","@id":"https:\/\/webouwen.com\/hu\/adatvedelmi-nyilatkozat\/","url":"https:\/\/webouwen.com\/hu\/adatvedelmi-nyilatkozat\/","name":"Adatv\u00e9delmi nyilatkozat - WE Bouwen","isPartOf":{"@id":"https:\/\/webouwen.com\/#website"},"datePublished":"2022-09-12T22:16:45+00:00","dateModified":"2025-10-13T07:27:21+00:00","breadcrumb":{"@id":"https:\/\/webouwen.com\/hu\/adatvedelmi-nyilatkozat\/#breadcrumb"},"inLanguage":"hu","potentialAction":[{"@type":"ReadAction","target":["https:\/\/webouwen.com\/hu\/adatvedelmi-nyilatkozat\/"]}]},{"@type":"BreadcrumbList","@id":"https:\/\/webouwen.com\/hu\/adatvedelmi-nyilatkozat\/#breadcrumb","itemListElement":[{"@type":"ListItem","position":1,"name":"Home","item":"https:\/\/webouwen.com\/hu\/"},{"@type":"ListItem","position":2,"name":"Adatv\u00e9delmi nyilatkozat"}]},{"@type":"WebSite","@id":"https:\/\/webouwen.com\/#website","url":"https:\/\/webouwen.com\/","name":"WE Bouwen","description":"Samen met jou","publisher":{"@id":"https:\/\/webouwen.com\/#organization"},"potentialAction":[{"@type":"SearchAction","target":{"@type":"EntryPoint","urlTemplate":"https:\/\/webouwen.com\/?s={search_term_string}"},"query-input":{"@type":"PropertyValueSpecification","valueRequired":true,"valueName":"search_term_string"}}],"inLanguage":"hu"},{"@type":"Organization","@id":"https:\/\/webouwen.com\/#organization","name":"WE Bouwen","url":"https:\/\/webouwen.com\/","logo":{"@type":"ImageObject","inLanguage":"hu","@id":"https:\/\/webouwen.com\/#\/schema\/logo\/image\/","url":"https:\/\/webouwen.com\/wp-content\/uploads\/2022\/09\/logo-we-bouwen.png","contentUrl":"https:\/\/webouwen.com\/wp-content\/uploads\/2022\/09\/logo-we-bouwen.png","width":1000,"height":376,"caption":"WE Bouwen"},"image":{"@id":"https:\/\/webouwen.com\/#\/schema\/logo\/image\/"},"sameAs":["https:\/\/www.facebook.com\/webouwensamenmetjou","https:\/\/www.linkedin.com\/company\/we-bouwen\/"]}]}},"_links":{"self":[{"href":"https:\/\/webouwen.com\/hu\/wp-json\/wp\/v2\/pages\/4636","targetHints":{"allow":["GET"]}}],"collection":[{"href":"https:\/\/webouwen.com\/hu\/wp-json\/wp\/v2\/pages"}],"about":[{"href":"https:\/\/webouwen.com\/hu\/wp-json\/wp\/v2\/types\/page"}],"author":[{"embeddable":true,"href":"https:\/\/webouwen.com\/hu\/wp-json\/wp\/v2\/users\/4"}],"replies":[{"embeddable":true,"href":"https:\/\/webouwen.com\/hu\/wp-json\/wp\/v2\/comments?post=4636"}],"version-history":[{"count":1,"href":"https:\/\/webouwen.com\/hu\/wp-json\/wp\/v2\/pages\/4636\/revisions"}],"predecessor-version":[{"id":4638,"href":"https:\/\/webouwen.com\/hu\/wp-json\/wp\/v2\/pages\/4636\/revisions\/4638"}],"wp:attachment":[{"href":"https:\/\/webouwen.com\/hu\/wp-json\/wp\/v2\/media?parent=4636"}],"curies":[{"name":"wp","href":"https:\/\/api.w.org\/{rel}","templated":true}]}}