{"id":4637,"date":"2022-09-13T00:16:45","date_gmt":"2022-09-12T22:16:45","guid":{"rendered":"https:\/\/webouwen.com\/?page_id=4637"},"modified":"2025-10-13T09:27:24","modified_gmt":"2025-10-13T07:27:24","slug":"privatumo-pareiskimas","status":"publish","type":"page","link":"https:\/\/webouwen.com\/lt\/privatumo-pareiskimas\/","title":{"rendered":"Privatumo parei\u0161kimas"},"content":{"rendered":"\n<p>Tai yra We Bouwen B.V. privatumo parei\u0161kimas. We Bouwen B.V. yra tarpininkavimo organizacija, veikianti \u012fvairiuose sektoriuose.<br>Siekiant suteikti Jums kuo geresnes paslaugas ir u\u017etikrinti veiklos efektyvum\u0105, We Bouwen B.V. tvarko J\u016bs\u0173 asmens duomenis.<br>We Bouwen B.V. labai svarbu u\u017etikrinti atsaking\u0105 ir saug\u0173 J\u016bs\u0173 duomen\u0173 tvarkym\u0105, tod\u0117l visi duomenys yra atsargiai apdorojami ir apsaugoti.<br>Galite b\u016bti tikri, kad J\u016bs\u0173 duomenys We Bouwen B.V. yra saug\u016bs, o mes laikom\u0117s vis\u0173 galiojan\u010di\u0173 teis\u0117s akt\u0173.<\/p>\n\n\n\n<p><strong>Kod\u0117l We Bouwen B.V. turi privatumo parei\u0161kim\u0105?<\/strong><\/p>\n\n\n\n<p>\u0160iame privatumo parei\u0161kime ai\u0161kiai paai\u0161kiname, kaip tvarkome J\u016bs\u0173 asmens duomenis.<br>\u010cia galite su\u017einoti, kokius asmens duomenis renkame, kokiais tikslais juos naudojame, kas gali juos per\u017ei\u016br\u0117ti, kaip juos saugome, kam perduodame ir kokias teises turite savo duomen\u0173 at\u017evilgiu.<br>J\u016bs\u0173 interesai mums yra svarbiausi!<\/p>\n\n\n\n<p><strong>Kas yra asmens duomenys?<\/strong><br><\/p>\n\n\n\n<p>Asmens duomenys \u2013 tai bet kokia informacija, pagal kuri\u0105 galima nustatyti fizin\u012f asmen\u012f, t. y. Jus.<br>Tai gali b\u016bti J\u016bs\u0173 vardas, pavard\u0117, adresas, gimimo data, telefono numeris, el. pa\u0161to adresas ar biometriniai duomenys.<br>\u0160iuos duomenis gauname, kai, pavyzd\u017eiui, u\u017epildote form\u0105, siun\u010diate lai\u0161k\u0105 ar el. lai\u0161k\u0105, arba susisiekiate telefonu.<br>Net kai lankot\u0117s We Bouwen B.V. svetain\u0117je, tam tikrais atvejais perduodate mums asmens duomenis, pavyzd\u017eiui, IP adres\u0105 ar slapukus (cookies). Kai tik J\u016bs\u0173 asmens duomenys yra perduodami We Bouwen B.V. J\u016bs\u0173 ar tre\u010diosios \u0161alies, mes juos tvarkome.<br>S\u0105voka \u201etvarkymas\u201c yra plati ir apima: duomen\u0173 rinkim\u0105, saugojim\u0105, per\u017ei\u016br\u0105, i\u0161trynim\u0105, naudojim\u0105 ar perdavim\u0105 tre\u010diosioms \u0161alims.<br>Net duomen\u0173 sunaikinimas ar i\u0161trynimas laikomas tvarkymo veikla.<\/p>\n\n\n\n<p><strong>Kam taikomas \u0161is privatumo parei\u0161kimas?<\/strong><\/p>\n\n\n\n<p>\u0160is privatumo parei\u0161kimas taikomas visiems We Bouwen B.V. tvarkomiems asmens duomenims, kurie yra renkami visi\u0161kai arba i\u0161 dalies automatizuotu b\u016bdu teikiant paslaugas.<\/p>\n\n\n\n<p><strong>I\u0161 ko We Bouwen B.V. renka asmens duomenis?<\/strong><\/p>\n\n\n\n<p>We Bouwen B.V. gali tvarkyti asmens duomenis i\u0161 vis\u0173 asmen\u0173, su kuriais palaikome ry\u0161\u012f, arba i\u0161 t\u0173, kurie lankosi m\u016bs\u0173 svetain\u0117je.<br>Tai apima (potencialius) laikino darbo darbuotojus, komandiruotus specialistus, klientus, taip pat m\u016bs\u0173 verslo partneri\u0173, tiek\u0117j\u0173 ar u\u017esakov\u0173 kontaktinius asmenis. Svarbu: jei J\u016bs kaip \u012fmon\u0117 ar organizacija perduodate mums savo darbuotoj\u0173 asmens duomenis, pagal galiojan\u010dius teis\u0117s aktus privalote apie tai informuoti savo darbuotojus. \u0160iam tikslui galite perduoti jiems \u0161\u012f privatumo parei\u0161kim\u0105, kad jie ai\u0161kiai \u017einot\u0173, kaip We Bouwen B.V. tvarko j\u0173 asmens duomenis.<\/p>\n\n\n\n<p>We Bouwen B.V. tvarko J\u016bs\u0173 asmens duomenis siekdama u\u017etikrinti efektyv\u0173 ir veiksming\u0105 \u012fmon\u0117s veiklos valdym\u0105, ypa\u010d vykdydama \u0161ias veiklas: Apskritai J\u016bs\u0173 duomenis renkame ir tvarkome tik tiek, kiek b\u016btina m\u016bs\u0173, kaip tarpininkavimo agent\u016bros, funkcijoms vykdyti \u2013 pavyzd\u017eiui, tarpininkavimui, darbuotoj\u0173 nuomai, savaranki\u0161kai dirban\u010di\u0173 asmen\u0173 (ZZP) tarpininkavimui, atrankai ir \u012fdarbinimui, asmeniniam tobul\u0117jimui, \u012fsidarbinamumo gerinimui bei personalo valdymui. Konkre\u010diai pra\u0161ome J\u016bs\u0173 pasidalinti savo asmens duomenimis \u0161iais tikslais:<\/p>\n\n\n\n<p>\u25aa kad gal\u0117tume u\u017emegzti ir palaikyti darbo ar tarpininkavimo santykius, taip pat tvarkyti finansin\u0119, personalo, darbo valand\u0173 ar neatvykim\u0173 apskait\u0105.<br>\u25aa kad gal\u0117tume u\u017emegzti ir palaikyti santykius, susijusius su u\u017esakym\u0173 gavimu ir vykdymu, ir tam tvarkyti finansin\u0119 apskait\u0105.<br>\u25aa kad gal\u0117tume \u012fvertinti J\u016bs\u0173 tinkamum\u0105 konkre\u010diai pareigybei ar u\u017eduo\u010diai, nustatyti J\u016bs\u0173 pasiekiamum\u0105 ir pateikti Jus potencialiems klientams ar partneriams.<br>\u25aa kad gal\u0117tume pad\u0117ti Jums susirasti darb\u0105, suteikti karjeros ar profesinio tobul\u0117jimo konsultacijas bei kitas su darbu susijusias paslaugas \u2013 pavyzd\u017eiui, mokymus, darbo galimybes pas u\u017esakovus ar u\u017eduo\u010di\u0173 organizavim\u0105.<br>\u25aa kad gal\u0117tume sudaryti, vykdyti ir u\u017etikrinti sutar\u010di\u0173 vykdym\u0105 su Jumis, m\u016bs\u0173 klientais ar partneriais.<br>\u25aa kad gal\u0117tume informuoti Jus apie m\u016bs\u0173 paslaugas ir veikl\u0105, kad jos geriau atitikt\u0173 J\u016bs\u0173 poreikius ir kompetencijas (pvz., siun\u010diant darbo pasi\u016blym\u0173 prane\u0161imus).<br>\u25aa Valdymo tikslais, siekiant rengti ataskaitas, rinkos analizes, atlikti vidaus ar i\u0161or\u0117s auditus, kokyb\u0117s patikrinimus bei u\u017etikrinti \u012fmon\u0117s veiklos ir saugumo standartus.<br>\u25aa kad gal\u0117tume suteikti Jums asmenin\u0119 paskyr\u0105 ir prieig\u0105 prie m\u016bs\u0173 u\u017edaro internetinio portalo.<br>\u25aa kad gal\u0117tume vykdyti teis\u0117s akt\u0173 reikalavimus ir\/arba kreiptis d\u0117l subsidij\u0173 ar mokes\u010di\u0173 lengvat\u0173, pavyzd\u017eiui, tapatyb\u0117s nustatymo ar mokes\u010di\u0173 bei socialini\u0173 \u012fmok\u0173 mok\u0117jimo tikslais.<br>\u25aa kad gal\u0117tume vykdyti \u012fstatym\u0173 numatytas reintegracijos pareigas ir prisid\u0117ti prie valstyb\u0117s iniciatyv\u0173, skirt\u0173 darbo rinkai tolimus asmenis integruoti \u012f darb\u0105.<br>\u25aa kad gal\u0117tume si\u0173sti asmeninius prane\u0161imus ir pasi\u016blymus, atitinkan\u010dius J\u016bs\u0173 interesus, remiantis J\u016bs\u0173 pateikta informacija ir duomenimis, surinktais per slapukus ar pana\u0161ias technologijas m\u016bs\u0173 svetain\u0117je, socialiniuose tinkluose ar tinklara\u0161\u010diuose.<br>\u25aa kad gal\u0117tume tobulinti savo paslaugas ir produktus (\u012fskaitant svetain\u0119 ir u\u017edar\u0105 portal\u0105) arba spr\u0119sti technines problemas, susijusias su j\u0173 naudojimu.<\/p>\n\n\n\n<p>Mes tvarkome J\u016bs\u0173 asmens duomenis tik \u0161iais tikslais. Jei duomenys bus naudojami kitais, ta\u010diau glaud\u017eiai susijusiais tikslais, apie tai Jus informuosime pagal teis\u0117s aktus ir imsim\u0117s vis\u0173 b\u016btin\u0173 apsaugos priemoni\u0173.<\/p>\n\n\n\n<p><\/p>\n","protected":false},"excerpt":{"rendered":"<p>Tai yra We Bouwen B.V. privatumo parei\u0161kimas. We Bouwen B.V. yra tarpininkavimo organizacija, veikianti \u012fvairiuose sektoriuose.Siekiant suteikti Jums kuo geresnes paslaugas ir u\u017etikrinti veiklos efektyvum\u0105, We Bouwen B.V. tvarko J\u016bs\u0173 [&hellip;]<\/p>\n","protected":false},"author":4,"featured_media":0,"parent":0,"menu_order":5,"comment_status":"closed","ping_status":"closed","template":"","meta":{"_acf_changed":false,"_coblocks_attr":"","_coblocks_dimensions":"","_coblocks_responsive_height":"","_coblocks_accordion_ie_support":"","inline_featured_image":false,"footnotes":""},"class_list":["post-4637","page","type-page","status-publish","hentry"],"acf":[],"yoast_head":"<!-- This site is optimized with the Yoast SEO plugin v27.4 - https:\/\/yoast.com\/product\/yoast-seo-wordpress\/ -->\n<title>Privatumo parei\u0161kimas - WE Bouwen<\/title>\n<meta name=\"robots\" content=\"noindex, nofollow\" \/>\n<meta property=\"og:locale\" content=\"lt_LT\" \/>\n<meta property=\"og:type\" content=\"article\" \/>\n<meta property=\"og:title\" content=\"Privatumo parei\u0161kimas - WE Bouwen\" \/>\n<meta property=\"og:description\" content=\"Tai yra We Bouwen B.V. privatumo parei\u0161kimas. We Bouwen B.V. yra tarpininkavimo organizacija, veikianti \u012fvairiuose sektoriuose.Siekiant suteikti Jums kuo geresnes paslaugas ir u\u017etikrinti veiklos efektyvum\u0105, We Bouwen B.V. tvarko J\u016bs\u0173 [&hellip;]\" \/>\n<meta property=\"og:url\" content=\"https:\/\/webouwen.com\/lt\/privatumo-pareiskimas\/\" \/>\n<meta property=\"og:site_name\" content=\"WE Bouwen\" \/>\n<meta property=\"article:publisher\" content=\"https:\/\/www.facebook.com\/webouwensamenmetjou\" \/>\n<meta property=\"article:modified_time\" content=\"2025-10-13T07:27:24+00:00\" \/>\n<meta name=\"twitter:card\" content=\"summary_large_image\" \/>\n<meta name=\"twitter:label1\" content=\"Est. reading time\" \/>\n\t<meta name=\"twitter:data1\" content=\"4 minut\u0117s\" \/>\n<script type=\"application\/ld+json\" class=\"yoast-schema-graph\">{\"@context\":\"https:\\\/\\\/schema.org\",\"@graph\":[{\"@type\":\"WebPage\",\"@id\":\"https:\\\/\\\/webouwen.com\\\/lt\\\/privatumo-pareiskimas\\\/\",\"url\":\"https:\\\/\\\/webouwen.com\\\/lt\\\/privatumo-pareiskimas\\\/\",\"name\":\"Privatumo parei\u0161kimas - WE Bouwen\",\"isPartOf\":{\"@id\":\"https:\\\/\\\/webouwen.com\\\/#website\"},\"datePublished\":\"2022-09-12T22:16:45+00:00\",\"dateModified\":\"2025-10-13T07:27:24+00:00\",\"breadcrumb\":{\"@id\":\"https:\\\/\\\/webouwen.com\\\/lt\\\/privatumo-pareiskimas\\\/#breadcrumb\"},\"inLanguage\":\"lt-LT\",\"potentialAction\":[{\"@type\":\"ReadAction\",\"target\":[\"https:\\\/\\\/webouwen.com\\\/lt\\\/privatumo-pareiskimas\\\/\"]}]},{\"@type\":\"BreadcrumbList\",\"@id\":\"https:\\\/\\\/webouwen.com\\\/lt\\\/privatumo-pareiskimas\\\/#breadcrumb\",\"itemListElement\":[{\"@type\":\"ListItem\",\"position\":1,\"name\":\"Home\",\"item\":\"https:\\\/\\\/webouwen.com\\\/lt\\\/\"},{\"@type\":\"ListItem\",\"position\":2,\"name\":\"Privatumo parei\u0161kimas\"}]},{\"@type\":\"WebSite\",\"@id\":\"https:\\\/\\\/webouwen.com\\\/#website\",\"url\":\"https:\\\/\\\/webouwen.com\\\/\",\"name\":\"WE Bouwen\",\"description\":\"Samen met jou\",\"publisher\":{\"@id\":\"https:\\\/\\\/webouwen.com\\\/#organization\"},\"potentialAction\":[{\"@type\":\"SearchAction\",\"target\":{\"@type\":\"EntryPoint\",\"urlTemplate\":\"https:\\\/\\\/webouwen.com\\\/?s={search_term_string}\"},\"query-input\":{\"@type\":\"PropertyValueSpecification\",\"valueRequired\":true,\"valueName\":\"search_term_string\"}}],\"inLanguage\":\"lt-LT\"},{\"@type\":\"Organization\",\"@id\":\"https:\\\/\\\/webouwen.com\\\/#organization\",\"name\":\"WE Bouwen\",\"url\":\"https:\\\/\\\/webouwen.com\\\/\",\"logo\":{\"@type\":\"ImageObject\",\"inLanguage\":\"lt-LT\",\"@id\":\"https:\\\/\\\/webouwen.com\\\/#\\\/schema\\\/logo\\\/image\\\/\",\"url\":\"https:\\\/\\\/webouwen.com\\\/wp-content\\\/uploads\\\/2022\\\/09\\\/logo-we-bouwen.png\",\"contentUrl\":\"https:\\\/\\\/webouwen.com\\\/wp-content\\\/uploads\\\/2022\\\/09\\\/logo-we-bouwen.png\",\"width\":1000,\"height\":376,\"caption\":\"WE Bouwen\"},\"image\":{\"@id\":\"https:\\\/\\\/webouwen.com\\\/#\\\/schema\\\/logo\\\/image\\\/\"},\"sameAs\":[\"https:\\\/\\\/www.facebook.com\\\/webouwensamenmetjou\",\"https:\\\/\\\/www.linkedin.com\\\/company\\\/we-bouwen\\\/\"]}]}<\/script>\n<!-- \/ Yoast SEO plugin. -->","yoast_head_json":{"title":"Privatumo parei\u0161kimas - WE Bouwen","robots":{"index":"noindex","follow":"nofollow"},"og_locale":"lt_LT","og_type":"article","og_title":"Privatumo parei\u0161kimas - WE Bouwen","og_description":"Tai yra We Bouwen B.V. privatumo parei\u0161kimas. We Bouwen B.V. yra tarpininkavimo organizacija, veikianti \u012fvairiuose sektoriuose.Siekiant suteikti Jums kuo geresnes paslaugas ir u\u017etikrinti veiklos efektyvum\u0105, We Bouwen B.V. tvarko J\u016bs\u0173 [&hellip;]","og_url":"https:\/\/webouwen.com\/lt\/privatumo-pareiskimas\/","og_site_name":"WE Bouwen","article_publisher":"https:\/\/www.facebook.com\/webouwensamenmetjou","article_modified_time":"2025-10-13T07:27:24+00:00","twitter_card":"summary_large_image","twitter_misc":{"Est. reading time":"4 minut\u0117s"},"schema":{"@context":"https:\/\/schema.org","@graph":[{"@type":"WebPage","@id":"https:\/\/webouwen.com\/lt\/privatumo-pareiskimas\/","url":"https:\/\/webouwen.com\/lt\/privatumo-pareiskimas\/","name":"Privatumo parei\u0161kimas - WE Bouwen","isPartOf":{"@id":"https:\/\/webouwen.com\/#website"},"datePublished":"2022-09-12T22:16:45+00:00","dateModified":"2025-10-13T07:27:24+00:00","breadcrumb":{"@id":"https:\/\/webouwen.com\/lt\/privatumo-pareiskimas\/#breadcrumb"},"inLanguage":"lt-LT","potentialAction":[{"@type":"ReadAction","target":["https:\/\/webouwen.com\/lt\/privatumo-pareiskimas\/"]}]},{"@type":"BreadcrumbList","@id":"https:\/\/webouwen.com\/lt\/privatumo-pareiskimas\/#breadcrumb","itemListElement":[{"@type":"ListItem","position":1,"name":"Home","item":"https:\/\/webouwen.com\/lt\/"},{"@type":"ListItem","position":2,"name":"Privatumo parei\u0161kimas"}]},{"@type":"WebSite","@id":"https:\/\/webouwen.com\/#website","url":"https:\/\/webouwen.com\/","name":"WE Bouwen","description":"Samen met jou","publisher":{"@id":"https:\/\/webouwen.com\/#organization"},"potentialAction":[{"@type":"SearchAction","target":{"@type":"EntryPoint","urlTemplate":"https:\/\/webouwen.com\/?s={search_term_string}"},"query-input":{"@type":"PropertyValueSpecification","valueRequired":true,"valueName":"search_term_string"}}],"inLanguage":"lt-LT"},{"@type":"Organization","@id":"https:\/\/webouwen.com\/#organization","name":"WE Bouwen","url":"https:\/\/webouwen.com\/","logo":{"@type":"ImageObject","inLanguage":"lt-LT","@id":"https:\/\/webouwen.com\/#\/schema\/logo\/image\/","url":"https:\/\/webouwen.com\/wp-content\/uploads\/2022\/09\/logo-we-bouwen.png","contentUrl":"https:\/\/webouwen.com\/wp-content\/uploads\/2022\/09\/logo-we-bouwen.png","width":1000,"height":376,"caption":"WE Bouwen"},"image":{"@id":"https:\/\/webouwen.com\/#\/schema\/logo\/image\/"},"sameAs":["https:\/\/www.facebook.com\/webouwensamenmetjou","https:\/\/www.linkedin.com\/company\/we-bouwen\/"]}]}},"_links":{"self":[{"href":"https:\/\/webouwen.com\/lt\/wp-json\/wp\/v2\/pages\/4637","targetHints":{"allow":["GET"]}}],"collection":[{"href":"https:\/\/webouwen.com\/lt\/wp-json\/wp\/v2\/pages"}],"about":[{"href":"https:\/\/webouwen.com\/lt\/wp-json\/wp\/v2\/types\/page"}],"author":[{"embeddable":true,"href":"https:\/\/webouwen.com\/lt\/wp-json\/wp\/v2\/users\/4"}],"replies":[{"embeddable":true,"href":"https:\/\/webouwen.com\/lt\/wp-json\/wp\/v2\/comments?post=4637"}],"version-history":[{"count":1,"href":"https:\/\/webouwen.com\/lt\/wp-json\/wp\/v2\/pages\/4637\/revisions"}],"predecessor-version":[{"id":4639,"href":"https:\/\/webouwen.com\/lt\/wp-json\/wp\/v2\/pages\/4637\/revisions\/4639"}],"wp:attachment":[{"href":"https:\/\/webouwen.com\/lt\/wp-json\/wp\/v2\/media?parent=4637"}],"curies":[{"name":"wp","href":"https:\/\/api.w.org\/{rel}","templated":true}]}}